{"id":41,"date":"2020-09-20T21:07:48","date_gmt":"2020-09-20T21:07:48","guid":{"rendered":"http:\/\/univgb.tn\/CIFIP\/?page_id=41"},"modified":"2023-07-13T08:25:35","modified_gmt":"2023-07-13T08:25:35","slug":"a-propos","status":"publish","type":"page","link":"https:\/\/www.univgb.tn\/CIFIP\/a-propos\/","title":{"rendered":"\u00c0 propos"},"content":{"rendered":"\n\n\n<p style=\"text-align: justify;\"><span style=\"font-size:11.0pt;line-height:115%;\nfont-family:Roboto;mso-fareast-font-family:Calibri;mso-fareast-theme-font:minor-latin;\nmso-bidi-font-family:&quot;Segoe UI&quot;;mso-ansi-language:FR;mso-fareast-language:EN-US;\nmso-bidi-language:AR-SA\">Bienvenue sur le site du Centre d&rsquo;Ing\u00e9nierie de\nFormation et d&rsquo;Innovation P\u00e9dagogique. Nous sommes un centre d\u00e9di\u00e9 \u00e0 la\ntransformation de l&rsquo;apprentissage gr\u00e2ce \u00e0 des approches p\u00e9dagogiques novatrices\net \u00e0 la cr\u00e9ation de solutions avanc\u00e9es. Notre \u00e9quipe multidisciplinaire\nd&rsquo;experts en \u00e9ducation et de sp\u00e9cialistes technologiques repense les m\u00e9thodes\nd&rsquo;enseignement traditionnelles pour concevoir des solutions sur mesure adapt\u00e9es\naux besoins sp\u00e9cifiques de nos clients. Nous offrons une gamme compl\u00e8te de\nservices, de la conception de programmes de formation \u00e0 la cr\u00e9ation de contenus\ninteractifs et au d\u00e9veloppement de plateformes d&rsquo;apprentissage en ligne. En\nrestant \u00e0 l&rsquo;aff\u00fbt des derni\u00e8res tendances et recherches en mati\u00e8re\nd&rsquo;apprentissage, nous investissons dans les technologies \u00e9mergentes pour offrir\ndes solutions \u00e9ducatives innovantes. Explorez notre site pour d\u00e9couvrir nos\nr\u00e9alisations et rejoignez-nous dans cette aventure \u00e9ducative pour transformer\nvotre approche de l&rsquo;apprentissage.<\/span><br><\/p>\n\n\n","protected":false},"excerpt":{"rendered":"","protected":false},"author":2,"featured_media":0,"parent":0,"menu_order":0,"comment_status":"closed","ping_status":"closed","template":"","meta":{"footnotes":""},"class_list":["post-41","page","type-page","status-publish","hentry"],"_links":{"self":[{"href":"https:\/\/www.univgb.tn\/CIFIP\/wp-json\/wp\/v2\/pages\/41","targetHints":{"allow":["GET"]}}],"collection":[{"href":"https:\/\/www.univgb.tn\/CIFIP\/wp-json\/wp\/v2\/pages"}],"about":[{"href":"https:\/\/www.univgb.tn\/CIFIP\/wp-json\/wp\/v2\/types\/page"}],"author":[{"embeddable":true,"href":"https:\/\/www.univgb.tn\/CIFIP\/wp-json\/wp\/v2\/users\/2"}],"replies":[{"embeddable":true,"href":"https:\/\/www.univgb.tn\/CIFIP\/wp-json\/wp\/v2\/comments?post=41"}],"version-history":[{"count":10,"href":"https:\/\/www.univgb.tn\/CIFIP\/wp-json\/wp\/v2\/pages\/41\/revisions"}],"predecessor-version":[{"id":389,"href":"https:\/\/www.univgb.tn\/CIFIP\/wp-json\/wp\/v2\/pages\/41\/revisions\/389"}],"wp:attachment":[{"href":"https:\/\/www.univgb.tn\/CIFIP\/wp-json\/wp\/v2\/media?parent=41"}],"curies":[{"name":"wp","href":"https:\/\/api.w.org\/{rel}","templated":true}]}}